{"id":654,"date":"2025-03-22T11:37:58","date_gmt":"2025-03-22T11:37:58","guid":{"rendered":"https:\/\/playalbums.pl\/?post_type=product&#038;p=654"},"modified":"2025-07-30T10:43:13","modified_gmt":"2025-07-30T10:43:13","slug":"film-podziekowanie-dla-rodzicow","status":"publish","type":"product","link":"https:\/\/playalbums.pl\/?product=film-podziekowanie-dla-rodzicow","title":{"rendered":"Film podzi\u0119kowanie dla rodzic\u00f3w"},"content":{"rendered":"<div style=\"width: 1920px;\" class=\"wp-video\"><!--[if lt IE 9]><script>document.createElement('video');<\/script><![endif]-->\n<video class=\"wp-video-shortcode\" id=\"video-654-1\" width=\"1920\" height=\"1080\" preload=\"metadata\" controls=\"controls\"><source type=\"video\/mp4\" src=\"https:\/\/playalbums.pl\/wp-content\/uploads\/2025\/03\/Szary-i-Brazowy-Album-z-Wycinkami-Rodzina-Specjalne-Chwile-Pokaz-Slajdow-1.mp4?_=1\" \/><a href=\"https:\/\/playalbums.pl\/wp-content\/uploads\/2025\/03\/Szary-i-Brazowy-Album-z-Wycinkami-Rodzina-Specjalne-Chwile-Pokaz-Slajdow-1.mp4\">https:\/\/playalbums.pl\/wp-content\/uploads\/2025\/03\/Szary-i-Brazowy-Album-z-Wycinkami-Rodzina-Specjalne-Chwile-Pokaz-Slajdow-1.mp4<\/a><\/video><\/div>\n<p><strong>Po zakupie otrzymasz ode mnie link do kreatora z szablonem, gdzie b\u0119dziesz mog\u0142a\/m\u00f3g\u0142 w pe\u0142ni spersonalizowa\u0107 prezentacj\u0119.\u00a0<\/strong><\/p>\n<p>Stw\u00f3rz wzruszaj\u0105c\u0105 pami\u0105tk\u0119 dla swoich rodzic\u00f3w! Ten spersonalizowany film to idealny spos\u00f3b, aby podzi\u0119kowa\u0107 im za mi\u0142o\u015b\u0107, wsparcie i wszystkie pi\u0119kne chwile<\/p>\n<p>Nie musisz mie\u0107 \u017cadnych umiej\u0119tno\u015bci monta\u017cowych\/filmowych! W kilka minut dopasujesz film do swoich potrzeb, dodaj\u0105c w\u0142asne zdj\u0119cia, teksty i muzyk\u0119.<br \/>\nTwoi rodzice nie b\u0119d\u0105 mogli powstrzyma\u0107 \u0142ez wzruszenia, gdy zobacz\u0105 t\u0119 wyj\u0105tkow\u0105 prezentacj\u0119 stworzon\u0105 specjalnie dla nich.<\/p>\n<p>Zgodnie z prawem <b>produkty cyfrowe zakupione i aktywowane nie podlegaj\u0105 zwrotowi.<\/b><\/p>\n","protected":false},"excerpt":{"rendered":"<p>Po zakupie otrzymasz ode mnie link do kreatora z szablonem, gdzie b\u0119dziesz mog\u0142a\/m\u00f3g\u0142 w pe\u0142ni spersonalizowa\u0107 prezentacj\u0119.\u00a0 Stw\u00f3rz wzruszaj\u0105c\u0105 pami\u0105tk\u0119 dla swoich rodzic\u00f3w! Ten spersonalizowany film to idealny spos\u00f3b, aby podzi\u0119kowa\u0107 im za mi\u0142o\u015b\u0107, wsparcie i wszystkie pi\u0119kne chwile Nie musisz mie\u0107 \u017cadnych umiej\u0119tno\u015bci monta\u017cowych\/filmowych! W kilka minut dopasujesz film do swoich potrzeb, dodaj\u0105c w\u0142asne [&hellip;]<\/p>\n","protected":false},"featured_media":655,"template":"","meta":{"site-sidebar-layout":"default","site-content-layout":"","ast-site-content-layout":"default","site-content-style":"default","site-sidebar-style":"default","ast-global-header-display":"","ast-banner-title-visibility":"","ast-main-header-display":"","ast-hfb-above-header-display":"","ast-hfb-below-header-display":"","ast-hfb-mobile-header-display":"","site-post-title":"","ast-breadcrumbs-content":"","ast-featured-img":"","footer-sml-layout":"","theme-transparent-header-meta":"default","adv-header-id-meta":"","stick-header-meta":"","header-above-stick-meta":"","header-main-stick-meta":"","header-below-stick-meta":"","astra-migrate-meta-layouts":"set","ast-page-background-enabled":"default","ast-page-background-meta":{"desktop":{"background-color":"var(--ast-global-color-4)","background-image":"","background-repeat":"repeat","background-position":"center center","background-size":"auto","background-attachment":"scroll","background-type":"","background-media":"","overlay-type":"","overlay-color":"","overlay-opacity":"","overlay-gradient":""},"tablet":{"background-color":"","background-image":"","background-repeat":"repeat","background-position":"center center","background-size":"auto","background-attachment":"scroll","background-type":"","background-media":"","overlay-type":"","overlay-color":"","overlay-opacity":"","overlay-gradient":""},"mobile":{"background-color":"","background-image":"","background-repeat":"repeat","background-position":"center center","background-size":"auto","background-attachment":"scroll","background-type":"","background-media":"","overlay-type":"","overlay-color":"","overlay-opacity":"","overlay-gradient":""}},"ast-content-background-meta":{"desktop":{"background-color":"var(--ast-global-color-5)","background-image":"","background-repeat":"repeat","background-position":"center center","background-size":"auto","background-attachment":"scroll","background-type":"","background-media":"","overlay-type":"","overlay-color":"","overlay-opacity":"","overlay-gradient":""},"tablet":{"background-color":"var(--ast-global-color-5)","background-image":"","background-repeat":"repeat","background-position":"center center","background-size":"auto","background-attachment":"scroll","background-type":"","background-media":"","overlay-type":"","overlay-color":"","overlay-opacity":"","overlay-gradient":""},"mobile":{"background-color":"var(--ast-global-color-5)","background-image":"","background-repeat":"repeat","background-position":"center center","background-size":"auto","background-attachment":"scroll","background-type":"","background-media":"","overlay-type":"","overlay-color":"","overlay-opacity":"","overlay-gradient":""}}},"product_brand":[],"product_cat":[31],"product_tag":[],"class_list":{"0":"post-654","1":"product","2":"type-product","3":"status-publish","4":"has-post-thumbnail","6":"product_cat-dla-rodzicow","7":"desktop-align-center","8":"tablet-align-left","9":"mobile-align-left","11":"first","12":"instock","13":"sale","14":"virtual","15":"taxable","16":"purchasable","17":"product-type-simple"},"jetpack_sharing_enabled":true,"_links":{"self":[{"href":"https:\/\/playalbums.pl\/index.php?rest_route=\/wp\/v2\/product\/654","targetHints":{"allow":["GET"]}}],"collection":[{"href":"https:\/\/playalbums.pl\/index.php?rest_route=\/wp\/v2\/product"}],"about":[{"href":"https:\/\/playalbums.pl\/index.php?rest_route=\/wp\/v2\/types\/product"}],"wp:featuredmedia":[{"embeddable":true,"href":"https:\/\/playalbums.pl\/index.php?rest_route=\/wp\/v2\/media\/655"}],"wp:attachment":[{"href":"https:\/\/playalbums.pl\/index.php?rest_route=%2Fwp%2Fv2%2Fmedia&parent=654"}],"wp:term":[{"taxonomy":"product_brand","embeddable":true,"href":"https:\/\/playalbums.pl\/index.php?rest_route=%2Fwp%2Fv2%2Fproduct_brand&post=654"},{"taxonomy":"product_cat","embeddable":true,"href":"https:\/\/playalbums.pl\/index.php?rest_route=%2Fwp%2Fv2%2Fproduct_cat&post=654"},{"taxonomy":"product_tag","embeddable":true,"href":"https:\/\/playalbums.pl\/index.php?rest_route=%2Fwp%2Fv2%2Fproduct_tag&post=654"}],"curies":[{"name":"wp","href":"https:\/\/api.w.org\/{rel}","templated":true}]}}