{"id":147,"date":"2023-01-29T20:21:59","date_gmt":"2023-01-29T20:21:59","guid":{"rendered":"https:\/\/playalbums.pl\/?page_id=147"},"modified":"2025-03-19T00:01:08","modified_gmt":"2025-03-19T00:01:08","slug":"kontakt","status":"publish","type":"page","link":"https:\/\/playalbums.pl\/?page_id=147","title":{"rendered":"Kontakt"},"content":{"rendered":"<div style=\"height:73px\" aria-hidden=\"true\" class=\"wp-block-spacer\"><\/div><div class=\"wp-block-media-text alignwide is-stacked-on-mobile is-image-fill-element\" style=\"grid-template-columns:21% auto\"><figure class=\"wp-block-media-text__media\"><img decoding=\"async\" src=\"https:\/\/playalbums.pl\/wp-content\/uploads\/2023\/01\/DSC05271-683x1024.jpg\" alt=\"\" class=\"wp-image-263 size-full\" style=\"object-position:36% 35%\"\/><\/figure><div class=\"wp-block-media-text__content\"><p>Napisz do mnie: kontakt@playalbums.pl<\/p>\n\n<p>Zapraszam te\u017c do kontaktu na instagramie @playalbums<\/p><\/div><\/div><ul class=\"wp-block-list\"><li><\/li><\/ul><div id=\"sb_instagram\"  class=\"sbi sbi_mob_col_4 sbi_tab_col_4 sbi_col_4 sbi_width_resp\" style=\"padding-bottom: 8px;\" data-feedid=\"*1\"  data-res=\"auto\" data-cols=\"4\" data-colsmobile=\"4\" data-colstablet=\"4\" data-num=\"4\" data-nummobile=\"4\" data-item-padding=\"4\" data-shortcode-atts=\"{}\"  data-postid=\"147\" data-locatornonce=\"d765014bfe\" data-sbi-flags=\"favorLocal\">\n\t<div class=\"sb_instagram_header \"   >\n\t<a class=\"sbi_header_link\" target=\"_blank\" rel=\"nofollow noopener\" href=\"https:\/\/www.instagram.com\/playalbums\/\" title=\"@playalbums\">\n\t\t<div class=\"sbi_header_text\">\n\t\t\t<div class=\"sbi_header_img\"  data-avatar-url=\"https:\/\/scontent-waw2-1.cdninstagram.com\/v\/t51.2885-19\/339129581_769251604544456_3924667907311009891_n.jpg?stp=dst-jpg_s206x206_tt6&amp;_nc_cat=110&amp;ccb=1-7&amp;_nc_sid=bf7eb4&amp;_nc_ohc=pk4feD0F3b4Q7kNvgHBslku&amp;_nc_oc=Adh7hseMZIijlcbE9x4--WhjDm6nMSKQTp9AJ1sWetYMPmiHh6jwWM4Q0psVIz1GJAE&amp;_nc_zt=24&amp;_nc_ht=scontent-waw2-1.cdninstagram.com&amp;edm=AP4hL3IEAAAA&amp;oh=00_AYDUF7j4dj8mCXFz6Fq1KL_ywurBXy3hB5sGuhiuoPO-Rg&amp;oe=67BA7DA2\">\n\t\t\t\t\t\t\t\t\t<div class=\"sbi_header_img_hover\"  ><svg class=\"sbi_new_logo fa-instagram fa-w-14\" aria-hidden=\"true\" data-fa-processed=\"\" aria-label=\"Instagram\" data-prefix=\"fab\" data-icon=\"instagram\" role=\"img\" viewBox=\"0 0 448 512\">\n\t                <path fill=\"currentColor\" d=\"M224.1 141c-63.6 0-114.9 51.3-114.9 114.9s51.3 114.9 114.9 114.9S339 319.5 339 255.9 287.7 141 224.1 141zm0 189.6c-41.1 0-74.7-33.5-74.7-74.7s33.5-74.7 74.7-74.7 74.7 33.5 74.7 74.7-33.6 74.7-74.7 74.7zm146.4-194.3c0 14.9-12 26.8-26.8 26.8-14.9 0-26.8-12-26.8-26.8s12-26.8 26.8-26.8 26.8 12 26.8 26.8zm76.1 27.2c-1.7-35.9-9.9-67.7-36.2-93.9-26.2-26.2-58-34.4-93.9-36.2-37-2.1-147.9-2.1-184.9 0-35.8 1.7-67.6 9.9-93.9 36.1s-34.4 58-36.2 93.9c-2.1 37-2.1 147.9 0 184.9 1.7 35.9 9.9 67.7 36.2 93.9s58 34.4 93.9 36.2c37 2.1 147.9 2.1 184.9 0 35.9-1.7 67.7-9.9 93.9-36.2 26.2-26.2 34.4-58 36.2-93.9 2.1-37 2.1-147.8 0-184.8zM398.8 388c-7.8 19.6-22.9 34.7-42.6 42.6-29.5 11.7-99.5 9-132.1 9s-102.7 2.6-132.1-9c-19.6-7.8-34.7-22.9-42.6-42.6-11.7-29.5-9-99.5-9-132.1s-2.6-102.7 9-132.1c7.8-19.6 22.9-34.7 42.6-42.6 29.5-11.7 99.5-9 132.1-9s102.7-2.6 132.1 9c19.6 7.8 34.7 22.9 42.6 42.6 11.7 29.5 9 99.5 9 132.1s2.7 102.7-9 132.1z\"><\/path>\n\t            <\/svg><\/div>\n\t\t\t\t\t<img loading=\"lazy\" decoding=\"async\"  src=\"https:\/\/playalbums.pl\/wp-content\/uploads\/2023\/01\/cropped-LOGO512.png\" alt=\"Pierwsze w Polsce personalizowane wideoalbumy \ud83e\udd0e\" width=\"50\" height=\"50\">\n\t\t\t\t\t\t\t\t\t\t\t<\/div>\n\n\t\t\t<div class=\"sbi_feedtheme_header_text\">\n\t\t\t\t<h3>playalbums<\/h3>\n\t\t\t\t\t\t\t\t\t<p class=\"sbi_bio\">Pierwsze w Polsce personalizowane wideoalbumy \ud83e\udd0e<\/p>\n\t\t\t\t\t\t\t<\/div>\n\t\t<\/div>\n\t<\/a>\n<\/div>\n\n    <div id=\"sbi_images\"  style=\"gap: 8px;\">\n\t\t<div class=\"sbi_item sbi_type_image sbi_new sbi_transition\" id=\"sbi_17927647097933939\" data-date=\"1726053137\">\n    <div class=\"sbi_photo_wrap\">\n        <a class=\"sbi_photo\" href=\"https:\/\/www.instagram.com\/p\/C_xlVHWIeEC\/\" target=\"_blank\" rel=\"noopener nofollow\" data-full-res=\"https:\/\/scontent-waw2-1.cdninstagram.com\/v\/t51.29350-15\/459080377_1272749440801902_5617290617509430173_n.webp?stp=dst-jpg_e35_tt6&#038;_nc_cat=111&#038;ccb=1-7&#038;_nc_sid=18de74&#038;_nc_ohc=m_3c10BYNv8Q7kNvgH3aCK_&#038;_nc_oc=AdjjB4NzivzjcawkixqojKdQzvDIrUtlOjLp2JzG-ZJethMvq7aYTgDFrTuYm5GCeQ8&#038;_nc_zt=23&#038;_nc_ht=scontent-waw2-1.cdninstagram.com&#038;edm=ANo9K5cEAAAA&#038;_nc_gid=AJqg_pAZtvrRBSaBT1If9KK&#038;oh=00_AYC4wX73N_itf49Q9usrUOWNpVDebaxlUYv9OHEnGc-R1Q&#038;oe=67BA882A\" data-img-src-set=\"{&quot;d&quot;:&quot;https:\\\/\\\/scontent-waw2-1.cdninstagram.com\\\/v\\\/t51.29350-15\\\/459080377_1272749440801902_5617290617509430173_n.webp?stp=dst-jpg_e35_tt6&amp;_nc_cat=111&amp;ccb=1-7&amp;_nc_sid=18de74&amp;_nc_ohc=m_3c10BYNv8Q7kNvgH3aCK_&amp;_nc_oc=AdjjB4NzivzjcawkixqojKdQzvDIrUtlOjLp2JzG-ZJethMvq7aYTgDFrTuYm5GCeQ8&amp;_nc_zt=23&amp;_nc_ht=scontent-waw2-1.cdninstagram.com&amp;edm=ANo9K5cEAAAA&amp;_nc_gid=AJqg_pAZtvrRBSaBT1If9KK&amp;oh=00_AYC4wX73N_itf49Q9usrUOWNpVDebaxlUYv9OHEnGc-R1Q&amp;oe=67BA882A&quot;,&quot;150&quot;:&quot;https:\\\/\\\/scontent-waw2-1.cdninstagram.com\\\/v\\\/t51.29350-15\\\/459080377_1272749440801902_5617290617509430173_n.webp?stp=dst-jpg_e35_tt6&amp;_nc_cat=111&amp;ccb=1-7&amp;_nc_sid=18de74&amp;_nc_ohc=m_3c10BYNv8Q7kNvgH3aCK_&amp;_nc_oc=AdjjB4NzivzjcawkixqojKdQzvDIrUtlOjLp2JzG-ZJethMvq7aYTgDFrTuYm5GCeQ8&amp;_nc_zt=23&amp;_nc_ht=scontent-waw2-1.cdninstagram.com&amp;edm=ANo9K5cEAAAA&amp;_nc_gid=AJqg_pAZtvrRBSaBT1If9KK&amp;oh=00_AYC4wX73N_itf49Q9usrUOWNpVDebaxlUYv9OHEnGc-R1Q&amp;oe=67BA882A&quot;,&quot;320&quot;:&quot;https:\\\/\\\/scontent-waw2-1.cdninstagram.com\\\/v\\\/t51.29350-15\\\/459080377_1272749440801902_5617290617509430173_n.webp?stp=dst-jpg_e35_tt6&amp;_nc_cat=111&amp;ccb=1-7&amp;_nc_sid=18de74&amp;_nc_ohc=m_3c10BYNv8Q7kNvgH3aCK_&amp;_nc_oc=AdjjB4NzivzjcawkixqojKdQzvDIrUtlOjLp2JzG-ZJethMvq7aYTgDFrTuYm5GCeQ8&amp;_nc_zt=23&amp;_nc_ht=scontent-waw2-1.cdninstagram.com&amp;edm=ANo9K5cEAAAA&amp;_nc_gid=AJqg_pAZtvrRBSaBT1If9KK&amp;oh=00_AYC4wX73N_itf49Q9usrUOWNpVDebaxlUYv9OHEnGc-R1Q&amp;oe=67BA882A&quot;,&quot;640&quot;:&quot;https:\\\/\\\/scontent-waw2-1.cdninstagram.com\\\/v\\\/t51.29350-15\\\/459080377_1272749440801902_5617290617509430173_n.webp?stp=dst-jpg_e35_tt6&amp;_nc_cat=111&amp;ccb=1-7&amp;_nc_sid=18de74&amp;_nc_ohc=m_3c10BYNv8Q7kNvgH3aCK_&amp;_nc_oc=AdjjB4NzivzjcawkixqojKdQzvDIrUtlOjLp2JzG-ZJethMvq7aYTgDFrTuYm5GCeQ8&amp;_nc_zt=23&amp;_nc_ht=scontent-waw2-1.cdninstagram.com&amp;edm=ANo9K5cEAAAA&amp;_nc_gid=AJqg_pAZtvrRBSaBT1If9KK&amp;oh=00_AYC4wX73N_itf49Q9usrUOWNpVDebaxlUYv9OHEnGc-R1Q&amp;oe=67BA882A&quot;}\">\n            <span class=\"sbi-screenreader\">#wideoalbum #album #filmslubny #albumslubny #nowos<\/span>\n            \t                    <img decoding=\"async\" src=\"https:\/\/playalbums.pl\/wp-content\/plugins\/instagram-feed\/img\/placeholder.png\" alt=\"#wideoalbum #album #filmslubny #albumslubny #nowosc #personalizowanyprezent #handmade #slub #wesele #polska #zdjecia #madewithlove #polishgirl #albums #milosc  #weddingbook #bettertogether #ma\u0142ybiznes #smallbusiness\">\n        <\/a>\n    <\/div>\n<\/div><div class=\"sbi_item sbi_type_image sbi_new sbi_transition\" id=\"sbi_17859881037183434\" data-date=\"1725985186\">\n    <div class=\"sbi_photo_wrap\">\n        <a class=\"sbi_photo\" href=\"https:\/\/www.instagram.com\/p\/C_vjuUyIt3-\/\" target=\"_blank\" rel=\"noopener nofollow\" data-full-res=\"https:\/\/scontent-waw2-2.cdninstagram.com\/v\/t51.29350-15\/459029305_325141920626704_5203090103090761023_n.jpg?stp=dst-jpg_e35_tt6&#038;_nc_cat=102&#038;ccb=1-7&#038;_nc_sid=18de74&#038;_nc_ohc=hxXlE65n9YAQ7kNvgFIU7hp&#038;_nc_oc=Adj5szoAG0_Qv8CnUN8CnfZEBNkSekiYGB2FF1IymxmR0tPTACIJ1mOHjUpwYLEkDMc&#038;_nc_zt=23&#038;_nc_ht=scontent-waw2-2.cdninstagram.com&#038;edm=ANo9K5cEAAAA&#038;_nc_gid=AJqg_pAZtvrRBSaBT1If9KK&#038;oh=00_AYB_u39C8OGZpvxIonslnuMJ6W3SXyO16Y3HAxecG01Xgw&#038;oe=67BA8A09\" data-img-src-set=\"{&quot;d&quot;:&quot;https:\\\/\\\/scontent-waw2-2.cdninstagram.com\\\/v\\\/t51.29350-15\\\/459029305_325141920626704_5203090103090761023_n.jpg?stp=dst-jpg_e35_tt6&amp;_nc_cat=102&amp;ccb=1-7&amp;_nc_sid=18de74&amp;_nc_ohc=hxXlE65n9YAQ7kNvgFIU7hp&amp;_nc_oc=Adj5szoAG0_Qv8CnUN8CnfZEBNkSekiYGB2FF1IymxmR0tPTACIJ1mOHjUpwYLEkDMc&amp;_nc_zt=23&amp;_nc_ht=scontent-waw2-2.cdninstagram.com&amp;edm=ANo9K5cEAAAA&amp;_nc_gid=AJqg_pAZtvrRBSaBT1If9KK&amp;oh=00_AYB_u39C8OGZpvxIonslnuMJ6W3SXyO16Y3HAxecG01Xgw&amp;oe=67BA8A09&quot;,&quot;150&quot;:&quot;https:\\\/\\\/scontent-waw2-2.cdninstagram.com\\\/v\\\/t51.29350-15\\\/459029305_325141920626704_5203090103090761023_n.jpg?stp=dst-jpg_e35_tt6&amp;_nc_cat=102&amp;ccb=1-7&amp;_nc_sid=18de74&amp;_nc_ohc=hxXlE65n9YAQ7kNvgFIU7hp&amp;_nc_oc=Adj5szoAG0_Qv8CnUN8CnfZEBNkSekiYGB2FF1IymxmR0tPTACIJ1mOHjUpwYLEkDMc&amp;_nc_zt=23&amp;_nc_ht=scontent-waw2-2.cdninstagram.com&amp;edm=ANo9K5cEAAAA&amp;_nc_gid=AJqg_pAZtvrRBSaBT1If9KK&amp;oh=00_AYB_u39C8OGZpvxIonslnuMJ6W3SXyO16Y3HAxecG01Xgw&amp;oe=67BA8A09&quot;,&quot;320&quot;:&quot;https:\\\/\\\/scontent-waw2-2.cdninstagram.com\\\/v\\\/t51.29350-15\\\/459029305_325141920626704_5203090103090761023_n.jpg?stp=dst-jpg_e35_tt6&amp;_nc_cat=102&amp;ccb=1-7&amp;_nc_sid=18de74&amp;_nc_ohc=hxXlE65n9YAQ7kNvgFIU7hp&amp;_nc_oc=Adj5szoAG0_Qv8CnUN8CnfZEBNkSekiYGB2FF1IymxmR0tPTACIJ1mOHjUpwYLEkDMc&amp;_nc_zt=23&amp;_nc_ht=scontent-waw2-2.cdninstagram.com&amp;edm=ANo9K5cEAAAA&amp;_nc_gid=AJqg_pAZtvrRBSaBT1If9KK&amp;oh=00_AYB_u39C8OGZpvxIonslnuMJ6W3SXyO16Y3HAxecG01Xgw&amp;oe=67BA8A09&quot;,&quot;640&quot;:&quot;https:\\\/\\\/scontent-waw2-2.cdninstagram.com\\\/v\\\/t51.29350-15\\\/459029305_325141920626704_5203090103090761023_n.jpg?stp=dst-jpg_e35_tt6&amp;_nc_cat=102&amp;ccb=1-7&amp;_nc_sid=18de74&amp;_nc_ohc=hxXlE65n9YAQ7kNvgFIU7hp&amp;_nc_oc=Adj5szoAG0_Qv8CnUN8CnfZEBNkSekiYGB2FF1IymxmR0tPTACIJ1mOHjUpwYLEkDMc&amp;_nc_zt=23&amp;_nc_ht=scontent-waw2-2.cdninstagram.com&amp;edm=ANo9K5cEAAAA&amp;_nc_gid=AJqg_pAZtvrRBSaBT1If9KK&amp;oh=00_AYB_u39C8OGZpvxIonslnuMJ6W3SXyO16Y3HAxecG01Xgw&amp;oe=67BA8A09&quot;}\">\n            <span class=\"sbi-screenreader\">#prezentslubny #prezentdlarodzicow #podziekowaniad<\/span>\n            \t                    <img decoding=\"async\" src=\"https:\/\/playalbums.pl\/wp-content\/plugins\/instagram-feed\/img\/placeholder.png\" alt=\"#prezentslubny #prezentdlarodzicow #podziekowaniadlarodzicow #podziekowaniadlagosci #slubneinspiracje #slubnetrendy #filmslubny #slub #slubnaglowie #pannam\u0142oda #pannamloda #prezentdlataty #dzienojca\">\n        <\/a>\n    <\/div>\n<\/div><div class=\"sbi_item sbi_type_image sbi_new sbi_transition\" id=\"sbi_18044940874864475\" data-date=\"1719386996\">\n    <div class=\"sbi_photo_wrap\">\n        <a class=\"sbi_photo\" href=\"https:\/\/www.instagram.com\/p\/C8q6rM0IDwW\/\" target=\"_blank\" rel=\"noopener nofollow\" data-full-res=\"https:\/\/scontent-waw2-2.cdninstagram.com\/v\/t51.29350-15\/449143201_1002816064792249_1985769914256881727_n.webp?stp=dst-jpg_e35_tt6&#038;_nc_cat=101&#038;ccb=1-7&#038;_nc_sid=18de74&#038;_nc_ohc=Iqr73eiulsgQ7kNvgGNoZuE&#038;_nc_oc=Adj3j2066QkaaZYAyrIeyUCtbXuLQmeSLQba4PDPtq5nN4wJQ0FT1FxcGdQgaqDczYE&#038;_nc_zt=23&#038;_nc_ht=scontent-waw2-2.cdninstagram.com&#038;edm=ANo9K5cEAAAA&#038;_nc_gid=AJqg_pAZtvrRBSaBT1If9KK&#038;oh=00_AYDFl1QcPYvPKfogFEVtirx_Qe3Y9FuaDSfPgwI-mbmAKw&#038;oe=67BAA40A\" data-img-src-set=\"{&quot;d&quot;:&quot;https:\\\/\\\/scontent-waw2-2.cdninstagram.com\\\/v\\\/t51.29350-15\\\/449143201_1002816064792249_1985769914256881727_n.webp?stp=dst-jpg_e35_tt6&amp;_nc_cat=101&amp;ccb=1-7&amp;_nc_sid=18de74&amp;_nc_ohc=Iqr73eiulsgQ7kNvgGNoZuE&amp;_nc_oc=Adj3j2066QkaaZYAyrIeyUCtbXuLQmeSLQba4PDPtq5nN4wJQ0FT1FxcGdQgaqDczYE&amp;_nc_zt=23&amp;_nc_ht=scontent-waw2-2.cdninstagram.com&amp;edm=ANo9K5cEAAAA&amp;_nc_gid=AJqg_pAZtvrRBSaBT1If9KK&amp;oh=00_AYDFl1QcPYvPKfogFEVtirx_Qe3Y9FuaDSfPgwI-mbmAKw&amp;oe=67BAA40A&quot;,&quot;150&quot;:&quot;https:\\\/\\\/scontent-waw2-2.cdninstagram.com\\\/v\\\/t51.29350-15\\\/449143201_1002816064792249_1985769914256881727_n.webp?stp=dst-jpg_e35_tt6&amp;_nc_cat=101&amp;ccb=1-7&amp;_nc_sid=18de74&amp;_nc_ohc=Iqr73eiulsgQ7kNvgGNoZuE&amp;_nc_oc=Adj3j2066QkaaZYAyrIeyUCtbXuLQmeSLQba4PDPtq5nN4wJQ0FT1FxcGdQgaqDczYE&amp;_nc_zt=23&amp;_nc_ht=scontent-waw2-2.cdninstagram.com&amp;edm=ANo9K5cEAAAA&amp;_nc_gid=AJqg_pAZtvrRBSaBT1If9KK&amp;oh=00_AYDFl1QcPYvPKfogFEVtirx_Qe3Y9FuaDSfPgwI-mbmAKw&amp;oe=67BAA40A&quot;,&quot;320&quot;:&quot;https:\\\/\\\/scontent-waw2-2.cdninstagram.com\\\/v\\\/t51.29350-15\\\/449143201_1002816064792249_1985769914256881727_n.webp?stp=dst-jpg_e35_tt6&amp;_nc_cat=101&amp;ccb=1-7&amp;_nc_sid=18de74&amp;_nc_ohc=Iqr73eiulsgQ7kNvgGNoZuE&amp;_nc_oc=Adj3j2066QkaaZYAyrIeyUCtbXuLQmeSLQba4PDPtq5nN4wJQ0FT1FxcGdQgaqDczYE&amp;_nc_zt=23&amp;_nc_ht=scontent-waw2-2.cdninstagram.com&amp;edm=ANo9K5cEAAAA&amp;_nc_gid=AJqg_pAZtvrRBSaBT1If9KK&amp;oh=00_AYDFl1QcPYvPKfogFEVtirx_Qe3Y9FuaDSfPgwI-mbmAKw&amp;oe=67BAA40A&quot;,&quot;640&quot;:&quot;https:\\\/\\\/scontent-waw2-2.cdninstagram.com\\\/v\\\/t51.29350-15\\\/449143201_1002816064792249_1985769914256881727_n.webp?stp=dst-jpg_e35_tt6&amp;_nc_cat=101&amp;ccb=1-7&amp;_nc_sid=18de74&amp;_nc_ohc=Iqr73eiulsgQ7kNvgGNoZuE&amp;_nc_oc=Adj3j2066QkaaZYAyrIeyUCtbXuLQmeSLQba4PDPtq5nN4wJQ0FT1FxcGdQgaqDczYE&amp;_nc_zt=23&amp;_nc_ht=scontent-waw2-2.cdninstagram.com&amp;edm=ANo9K5cEAAAA&amp;_nc_gid=AJqg_pAZtvrRBSaBT1If9KK&amp;oh=00_AYDFl1QcPYvPKfogFEVtirx_Qe3Y9FuaDSfPgwI-mbmAKw&amp;oe=67BAA40A&quot;}\">\n            <span class=\"sbi-screenreader\">Tym razem ca\u0142y zestaw w kolorze r\u00f3\u017cowym \ud83d\udc95\n.\n<\/span>\n            \t                    <img decoding=\"async\" src=\"https:\/\/playalbums.pl\/wp-content\/plugins\/instagram-feed\/img\/placeholder.png\" alt=\"Tym razem ca\u0142y zestaw w kolorze r\u00f3\u017cowym \ud83d\udc95\n.\n.\n.\n#prezentslubny #prezentdlarodzicow #podziekowaniadlarodzicow #podziekowaniadlagosci #slubneinspiracje #slubnetrendy #filmslubny #slub #slubnaglowie #pannam\u0142oda #pannamloda\">\n        <\/a>\n    <\/div>\n<\/div><div class=\"sbi_item sbi_type_image sbi_new sbi_transition\" id=\"sbi_18226279159274434\" data-date=\"1715858313\">\n    <div class=\"sbi_photo_wrap\">\n        <a class=\"sbi_photo\" href=\"https:\/\/www.instagram.com\/p\/C7BwPx_NTEB\/\" target=\"_blank\" rel=\"noopener nofollow\" data-full-res=\"https:\/\/scontent-waw2-2.cdninstagram.com\/v\/t51.29350-15\/436566132_1224510605625561_8677757879835458547_n.webp?stp=dst-jpg_e35_tt6&#038;_nc_cat=103&#038;ccb=1-7&#038;_nc_sid=18de74&#038;_nc_ohc=CI9OQyj9PPIQ7kNvgFR2Yy-&#038;_nc_oc=AdgYZE3KNCkbOtCFhFG3fQwsdhDNPhLgWPXBKuG2h3N6sPYZoJw12qlEKI2pDKwNxm0&#038;_nc_zt=23&#038;_nc_ht=scontent-waw2-2.cdninstagram.com&#038;edm=ANo9K5cEAAAA&#038;_nc_gid=AJqg_pAZtvrRBSaBT1If9KK&#038;oh=00_AYAOVj1t0rrp4JoIkun5s5C8bF7CcnF7v91fUVNvrjRtyQ&#038;oe=67BA9376\" data-img-src-set=\"{&quot;d&quot;:&quot;https:\\\/\\\/scontent-waw2-2.cdninstagram.com\\\/v\\\/t51.29350-15\\\/436566132_1224510605625561_8677757879835458547_n.webp?stp=dst-jpg_e35_tt6&amp;_nc_cat=103&amp;ccb=1-7&amp;_nc_sid=18de74&amp;_nc_ohc=CI9OQyj9PPIQ7kNvgFR2Yy-&amp;_nc_oc=AdgYZE3KNCkbOtCFhFG3fQwsdhDNPhLgWPXBKuG2h3N6sPYZoJw12qlEKI2pDKwNxm0&amp;_nc_zt=23&amp;_nc_ht=scontent-waw2-2.cdninstagram.com&amp;edm=ANo9K5cEAAAA&amp;_nc_gid=AJqg_pAZtvrRBSaBT1If9KK&amp;oh=00_AYAOVj1t0rrp4JoIkun5s5C8bF7CcnF7v91fUVNvrjRtyQ&amp;oe=67BA9376&quot;,&quot;150&quot;:&quot;https:\\\/\\\/scontent-waw2-2.cdninstagram.com\\\/v\\\/t51.29350-15\\\/436566132_1224510605625561_8677757879835458547_n.webp?stp=dst-jpg_e35_tt6&amp;_nc_cat=103&amp;ccb=1-7&amp;_nc_sid=18de74&amp;_nc_ohc=CI9OQyj9PPIQ7kNvgFR2Yy-&amp;_nc_oc=AdgYZE3KNCkbOtCFhFG3fQwsdhDNPhLgWPXBKuG2h3N6sPYZoJw12qlEKI2pDKwNxm0&amp;_nc_zt=23&amp;_nc_ht=scontent-waw2-2.cdninstagram.com&amp;edm=ANo9K5cEAAAA&amp;_nc_gid=AJqg_pAZtvrRBSaBT1If9KK&amp;oh=00_AYAOVj1t0rrp4JoIkun5s5C8bF7CcnF7v91fUVNvrjRtyQ&amp;oe=67BA9376&quot;,&quot;320&quot;:&quot;https:\\\/\\\/scontent-waw2-2.cdninstagram.com\\\/v\\\/t51.29350-15\\\/436566132_1224510605625561_8677757879835458547_n.webp?stp=dst-jpg_e35_tt6&amp;_nc_cat=103&amp;ccb=1-7&amp;_nc_sid=18de74&amp;_nc_ohc=CI9OQyj9PPIQ7kNvgFR2Yy-&amp;_nc_oc=AdgYZE3KNCkbOtCFhFG3fQwsdhDNPhLgWPXBKuG2h3N6sPYZoJw12qlEKI2pDKwNxm0&amp;_nc_zt=23&amp;_nc_ht=scontent-waw2-2.cdninstagram.com&amp;edm=ANo9K5cEAAAA&amp;_nc_gid=AJqg_pAZtvrRBSaBT1If9KK&amp;oh=00_AYAOVj1t0rrp4JoIkun5s5C8bF7CcnF7v91fUVNvrjRtyQ&amp;oe=67BA9376&quot;,&quot;640&quot;:&quot;https:\\\/\\\/scontent-waw2-2.cdninstagram.com\\\/v\\\/t51.29350-15\\\/436566132_1224510605625561_8677757879835458547_n.webp?stp=dst-jpg_e35_tt6&amp;_nc_cat=103&amp;ccb=1-7&amp;_nc_sid=18de74&amp;_nc_ohc=CI9OQyj9PPIQ7kNvgFR2Yy-&amp;_nc_oc=AdgYZE3KNCkbOtCFhFG3fQwsdhDNPhLgWPXBKuG2h3N6sPYZoJw12qlEKI2pDKwNxm0&amp;_nc_zt=23&amp;_nc_ht=scontent-waw2-2.cdninstagram.com&amp;edm=ANo9K5cEAAAA&amp;_nc_gid=AJqg_pAZtvrRBSaBT1If9KK&amp;oh=00_AYAOVj1t0rrp4JoIkun5s5C8bF7CcnF7v91fUVNvrjRtyQ&amp;oe=67BA9376&quot;}\">\n            <span class=\"sbi-screenreader\">Personalizowany prezent dla rodzic\u00f3w w dniu \u015blub<\/span>\n            \t                    <img decoding=\"async\" src=\"https:\/\/playalbums.pl\/wp-content\/plugins\/instagram-feed\/img\/placeholder.png\" alt=\"Personalizowany prezent dla rodzic\u00f3w w dniu \u015blubu \ud83e\udd0d\n.\n.\n#personalizowanyprezent #prezentslubny #prezentdlarodzicow #pomyslnaprezent #slub #wesele #paramloda #podziekowaniadlarodzicow #filmslubny #slubneinspiracje #slubnetrendy #slubnaglowie #slubnedekoracje #narzeczona #zareczyny #zareczeni #weddinginspiration #weddingplanner\">\n        <\/a>\n    <\/div>\n<\/div>    <\/div>\n\n\t<div id=\"sbi_load\" >\n\n\t\n\t\t\t<span class=\"sbi_follow_btn sbi_custom\">\n        <a href=\"https:\/\/www.instagram.com\/playalbums\/\" style=\"background: rgb(153,140,119);\" target=\"_blank\" rel=\"nofollow noopener\">\n            <svg class=\"svg-inline--fa fa-instagram fa-w-14\" aria-hidden=\"true\" data-fa-processed=\"\" aria-label=\"Instagram\" data-prefix=\"fab\" data-icon=\"instagram\" role=\"img\" viewBox=\"0 0 448 512\">\n\t                <path fill=\"currentColor\" d=\"M224.1 141c-63.6 0-114.9 51.3-114.9 114.9s51.3 114.9 114.9 114.9S339 319.5 339 255.9 287.7 141 224.1 141zm0 189.6c-41.1 0-74.7-33.5-74.7-74.7s33.5-74.7 74.7-74.7 74.7 33.5 74.7 74.7-33.6 74.7-74.7 74.7zm146.4-194.3c0 14.9-12 26.8-26.8 26.8-14.9 0-26.8-12-26.8-26.8s12-26.8 26.8-26.8 26.8 12 26.8 26.8zm76.1 27.2c-1.7-35.9-9.9-67.7-36.2-93.9-26.2-26.2-58-34.4-93.9-36.2-37-2.1-147.9-2.1-184.9 0-35.8 1.7-67.6 9.9-93.9 36.1s-34.4 58-36.2 93.9c-2.1 37-2.1 147.9 0 184.9 1.7 35.9 9.9 67.7 36.2 93.9s58 34.4 93.9 36.2c37 2.1 147.9 2.1 184.9 0 35.9-1.7 67.7-9.9 93.9-36.2 26.2-26.2 34.4-58 36.2-93.9 2.1-37 2.1-147.8 0-184.8zM398.8 388c-7.8 19.6-22.9 34.7-42.6 42.6-29.5 11.7-99.5 9-132.1 9s-102.7 2.6-132.1-9c-19.6-7.8-34.7-22.9-42.6-42.6-11.7-29.5-9-99.5-9-132.1s-2.6-102.7 9-132.1c7.8-19.6 22.9-34.7 42.6-42.6 29.5-11.7 99.5-9 132.1-9s102.7-2.6 132.1 9c19.6 7.8 34.7 22.9 42.6 42.6 11.7 29.5 9 99.5 9 132.1s2.7 102.7-9 132.1z\"><\/path>\n\t            <\/svg>            <span>Obserwuj m\u00f3j profil na instagramie<\/span>\n        <\/a>\n    <\/span>\n\t\n<\/div>\n\n\t    <span class=\"sbi_resized_image_data\" data-feed-id=\"*1\" data-resized=\"{&quot;18226279159274434&quot;:{&quot;id&quot;:&quot;436566132_1224510605625561_8677757879835458547_n.webp&quot;,&quot;ratio&quot;:&quot;0.80&quot;,&quot;sizes&quot;:{&quot;full&quot;:640,&quot;low&quot;:320,&quot;thumb&quot;:150},&quot;extension&quot;:&quot;.jpg&quot;},&quot;18044940874864475&quot;:{&quot;id&quot;:&quot;449143201_1002816064792249_1985769914256881727_n.webp&quot;,&quot;ratio&quot;:&quot;0.80&quot;,&quot;sizes&quot;:{&quot;full&quot;:640,&quot;low&quot;:320,&quot;thumb&quot;:150},&quot;extension&quot;:&quot;.jpg&quot;},&quot;17927647097933939&quot;:{&quot;id&quot;:&quot;459080377_1272749440801902_5617290617509430173_n.webp&quot;,&quot;ratio&quot;:&quot;1.16&quot;,&quot;sizes&quot;:{&quot;full&quot;:640,&quot;low&quot;:320,&quot;thumb&quot;:150},&quot;extension&quot;:&quot;.jpg&quot;},&quot;17859881037183434&quot;:{&quot;id&quot;:&quot;459029305_325141920626704_5203090103090761023_n&quot;,&quot;ratio&quot;:&quot;0.80&quot;,&quot;sizes&quot;:{&quot;full&quot;:640,&quot;low&quot;:320,&quot;thumb&quot;:150},&quot;extension&quot;:&quot;.jpg&quot;}}\">\n\t<\/span>\n\t<\/div>\n\n\t<style type=\"text\/css\">\n\t\t\t\t\n\t\t#sb_instagram .sbi_follow_btn a:hover,\n\t\t#sb_instagram .sbi_follow_btn a:focus{\n\t\t\toutline: none;\n\t\t\tbox-shadow: inset 0 0 10px 20px #000000;\n\t\t}\n\t\t\t<\/style>","protected":false},"excerpt":{"rendered":"<p>Napisz do mnie: kontakt@playalbums.pl Zapraszam te\u017c do kontaktu na instagramie @playalbums<\/p>\n","protected":false},"author":1,"featured_media":0,"parent":0,"menu_order":0,"comment_status":"closed","ping_status":"closed","template":"","meta":{"site-sidebar-layout":"default","site-content-layout":"","ast-site-content-layout":"default","site-content-style":"default","site-sidebar-style":"default","ast-global-header-display":"","ast-banner-title-visibility":"","ast-main-header-display":"","ast-hfb-above-header-display":"","ast-hfb-below-header-display":"","ast-hfb-mobile-header-display":"","site-post-title":"disabled","ast-breadcrumbs-content":"","ast-featured-img":"","footer-sml-layout":"","theme-transparent-header-meta":"","adv-header-id-meta":"","stick-header-meta":"","header-above-stick-meta":"","header-main-stick-meta":"","header-below-stick-meta":"","astra-migrate-meta-layouts":"set","ast-page-background-enabled":"default","ast-page-background-meta":{"desktop":{"background-color":"var(--ast-global-color-4)","background-image":"","background-repeat":"repeat","background-position":"center center","background-size":"auto","background-attachment":"scroll","background-type":"","background-media":"","overlay-type":"","overlay-color":"","overlay-opacity":"","overlay-gradient":""},"tablet":{"background-color":"","background-image":"","background-repeat":"repeat","background-position":"center center","background-size":"auto","background-attachment":"scroll","background-type":"","background-media":"","overlay-type":"","overlay-color":"","overlay-opacity":"","overlay-gradient":""},"mobile":{"background-color":"","background-image":"","background-repeat":"repeat","background-position":"center center","background-size":"auto","background-attachment":"scroll","background-type":"","background-media":"","overlay-type":"","overlay-color":"","overlay-opacity":"","overlay-gradient":""}},"ast-content-background-meta":{"desktop":{"background-color":"var(--ast-global-color-5)","background-image":"","background-repeat":"repeat","background-position":"center center","background-size":"auto","background-attachment":"scroll","background-type":"","background-media":"","overlay-type":"","overlay-color":"","overlay-opacity":"","overlay-gradient":""},"tablet":{"background-color":"var(--ast-global-color-5)","background-image":"","background-repeat":"repeat","background-position":"center center","background-size":"auto","background-attachment":"scroll","background-type":"","background-media":"","overlay-type":"","overlay-color":"","overlay-opacity":"","overlay-gradient":""},"mobile":{"background-color":"var(--ast-global-color-5)","background-image":"","background-repeat":"repeat","background-position":"center center","background-size":"auto","background-attachment":"scroll","background-type":"","background-media":"","overlay-type":"","overlay-color":"","overlay-opacity":"","overlay-gradient":""}},"footnotes":""},"class_list":["post-147","page","type-page","status-publish","hentry"],"jetpack_sharing_enabled":true,"_links":{"self":[{"href":"https:\/\/playalbums.pl\/index.php?rest_route=\/wp\/v2\/pages\/147","targetHints":{"allow":["GET"]}}],"collection":[{"href":"https:\/\/playalbums.pl\/index.php?rest_route=\/wp\/v2\/pages"}],"about":[{"href":"https:\/\/playalbums.pl\/index.php?rest_route=\/wp\/v2\/types\/page"}],"author":[{"embeddable":true,"href":"https:\/\/playalbums.pl\/index.php?rest_route=\/wp\/v2\/users\/1"}],"replies":[{"embeddable":true,"href":"https:\/\/playalbums.pl\/index.php?rest_route=%2Fwp%2Fv2%2Fcomments&post=147"}],"version-history":[{"count":14,"href":"https:\/\/playalbums.pl\/index.php?rest_route=\/wp\/v2\/pages\/147\/revisions"}],"predecessor-version":[{"id":641,"href":"https:\/\/playalbums.pl\/index.php?rest_route=\/wp\/v2\/pages\/147\/revisions\/641"}],"wp:attachment":[{"href":"https:\/\/playalbums.pl\/index.php?rest_route=%2Fwp%2Fv2%2Fmedia&parent=147"}],"curies":[{"name":"wp","href":"https:\/\/api.w.org\/{rel}","templated":true}]}}